{"id":148,"date":"2024-04-24T22:21:43","date_gmt":"2024-04-24T22:21:43","guid":{"rendered":"http:\/\/inundaria.web.ua.pt\/?page_id=148"},"modified":"2024-05-14T19:50:33","modified_gmt":"2024-05-14T19:50:33","slug":"148-2","status":"publish","type":"page","link":"https:\/\/inundaria.web.ua.pt\/?page_id=148","title":{"rendered":"Atividade 1"},"content":{"rendered":"\n<p class=\"has-medium-font-size\"><strong>Avalia\u00e7\u00e3o do risco de inunda\u00e7\u00e3o<\/strong><\/p>\n\n\n<div class=\"wp-block-image\">\n<figure class=\"alignright size-large\"><img loading=\"lazy\" decoding=\"async\" width=\"1024\" height=\"290\" src=\"http:\/\/inundaria.web.ua.pt\/wp-content\/uploads\/2024\/05\/A1_1-1-1024x290.png\" alt=\"\" class=\"wp-image-601\" srcset=\"https:\/\/inundaria.web.ua.pt\/wp-content\/uploads\/2024\/05\/A1_1-1-1024x290.png 1024w, https:\/\/inundaria.web.ua.pt\/wp-content\/uploads\/2024\/05\/A1_1-1-300x85.png 300w, https:\/\/inundaria.web.ua.pt\/wp-content\/uploads\/2024\/05\/A1_1-1-768x218.png 768w, https:\/\/inundaria.web.ua.pt\/wp-content\/uploads\/2024\/05\/A1_1-1-1536x436.png 1536w, https:\/\/inundaria.web.ua.pt\/wp-content\/uploads\/2024\/05\/A1_1-1-2048x581.png 2048w\" sizes=\"(max-width: 767px) 89vw, (max-width: 1000px) 54vw, (max-width: 1071px) 543px, 580px\" \/><\/figure><\/div>\n\n<div class=\"wp-block-image\">\n<figure class=\"alignright size-large\"><img loading=\"lazy\" decoding=\"async\" width=\"1024\" height=\"581\" src=\"http:\/\/inundaria.web.ua.pt\/wp-content\/uploads\/2024\/05\/A1_segunda-1-1024x581.png\" alt=\"\" class=\"wp-image-769\" srcset=\"https:\/\/inundaria.web.ua.pt\/wp-content\/uploads\/2024\/05\/A1_segunda-1-1024x581.png 1024w, https:\/\/inundaria.web.ua.pt\/wp-content\/uploads\/2024\/05\/A1_segunda-1-300x170.png 300w, https:\/\/inundaria.web.ua.pt\/wp-content\/uploads\/2024\/05\/A1_segunda-1-768x436.png 768w, https:\/\/inundaria.web.ua.pt\/wp-content\/uploads\/2024\/05\/A1_segunda-1.png 1487w\" sizes=\"(max-width: 767px) 89vw, (max-width: 1000px) 54vw, (max-width: 1071px) 543px, 580px\" \/><\/figure><\/div>\n\n<div class=\"wp-block-image\">\n<figure class=\"alignright size-large\"><img loading=\"lazy\" decoding=\"async\" width=\"1024\" height=\"777\" src=\"http:\/\/inundaria.web.ua.pt\/wp-content\/uploads\/2024\/05\/A1_terceira-1-1024x777.png\" alt=\"\" class=\"wp-image-772\" srcset=\"https:\/\/inundaria.web.ua.pt\/wp-content\/uploads\/2024\/05\/A1_terceira-1-1024x777.png 1024w, https:\/\/inundaria.web.ua.pt\/wp-content\/uploads\/2024\/05\/A1_terceira-1-300x227.png 300w, https:\/\/inundaria.web.ua.pt\/wp-content\/uploads\/2024\/05\/A1_terceira-1-768x582.png 768w, https:\/\/inundaria.web.ua.pt\/wp-content\/uploads\/2024\/05\/A1_terceira-1.png 1233w\" sizes=\"(max-width: 767px) 89vw, (max-width: 1000px) 54vw, (max-width: 1071px) 543px, 580px\" \/><\/figure><\/div>","protected":false},"excerpt":{"rendered":"<p>Avalia\u00e7\u00e3o do risco de inunda\u00e7\u00e3o<\/p>\n","protected":false},"author":4,"featured_media":0,"parent":0,"menu_order":0,"comment_status":"closed","ping_status":"closed","template":"","meta":{"footnotes":""},"_links":{"self":[{"href":"https:\/\/inundaria.web.ua.pt\/index.php?rest_route=\/wp\/v2\/pages\/148"}],"collection":[{"href":"https:\/\/inundaria.web.ua.pt\/index.php?rest_route=\/wp\/v2\/pages"}],"about":[{"href":"https:\/\/inundaria.web.ua.pt\/index.php?rest_route=\/wp\/v2\/types\/page"}],"author":[{"embeddable":true,"href":"https:\/\/inundaria.web.ua.pt\/index.php?rest_route=\/wp\/v2\/users\/4"}],"replies":[{"embeddable":true,"href":"https:\/\/inundaria.web.ua.pt\/index.php?rest_route=%2Fwp%2Fv2%2Fcomments&post=148"}],"version-history":[{"count":14,"href":"https:\/\/inundaria.web.ua.pt\/index.php?rest_route=\/wp\/v2\/pages\/148\/revisions"}],"predecessor-version":[{"id":775,"href":"https:\/\/inundaria.web.ua.pt\/index.php?rest_route=\/wp\/v2\/pages\/148\/revisions\/775"}],"wp:attachment":[{"href":"https:\/\/inundaria.web.ua.pt\/index.php?rest_route=%2Fwp%2Fv2%2Fmedia&parent=148"}],"curies":[{"name":"wp","href":"https:\/\/api.w.org\/{rel}","templated":true}]}}