{"id":184,"date":"2024-04-24T22:37:43","date_gmt":"2024-04-24T22:37:43","guid":{"rendered":"http:\/\/inundaria.web.ua.pt\/?page_id=184"},"modified":"2025-02-16T21:16:25","modified_gmt":"2025-02-16T21:16:25","slug":"184-2","status":"publish","type":"page","link":"https:\/\/inundaria.web.ua.pt\/?page_id=184","title":{"rendered":"Atividade 3"},"content":{"rendered":"\n<p class=\"has-medium-font-size\">Elabora\u00e7\u00e3o de relat\u00f3rios<\/p>\n\n\n<div class=\"wp-block-image\">\n<figure class=\"aligncenter size-full is-resized\"><img loading=\"lazy\" decoding=\"async\" width=\"800\" height=\"820\" src=\"http:\/\/inundaria.web.ua.pt\/wp-content\/uploads\/2024\/05\/Multicolor-Professional-Chronological-Timeline-Infographic-4-2.png\" alt=\"\" class=\"wp-image-781\" style=\"width:520px;height:auto\" srcset=\"https:\/\/inundaria.web.ua.pt\/wp-content\/uploads\/2024\/05\/Multicolor-Professional-Chronological-Timeline-Infographic-4-2.png 800w, https:\/\/inundaria.web.ua.pt\/wp-content\/uploads\/2024\/05\/Multicolor-Professional-Chronological-Timeline-Infographic-4-2-293x300.png 293w, https:\/\/inundaria.web.ua.pt\/wp-content\/uploads\/2024\/05\/Multicolor-Professional-Chronological-Timeline-Infographic-4-2-768x787.png 768w\" sizes=\"(max-width: 767px) 89vw, (max-width: 1000px) 54vw, (max-width: 1071px) 543px, 580px\" \/><\/figure><\/div>\n\n\n<p><\/p>\n\n\n\n<p><\/p>\n\n\n\n<p><\/p>\n","protected":false},"excerpt":{"rendered":"<p>Elabora\u00e7\u00e3o de relat\u00f3rios<\/p>\n","protected":false},"author":4,"featured_media":0,"parent":0,"menu_order":0,"comment_status":"closed","ping_status":"closed","template":"","meta":{"footnotes":""},"_links":{"self":[{"href":"https:\/\/inundaria.web.ua.pt\/index.php?rest_route=\/wp\/v2\/pages\/184"}],"collection":[{"href":"https:\/\/inundaria.web.ua.pt\/index.php?rest_route=\/wp\/v2\/pages"}],"about":[{"href":"https:\/\/inundaria.web.ua.pt\/index.php?rest_route=\/wp\/v2\/types\/page"}],"author":[{"embeddable":true,"href":"https:\/\/inundaria.web.ua.pt\/index.php?rest_route=\/wp\/v2\/users\/4"}],"replies":[{"embeddable":true,"href":"https:\/\/inundaria.web.ua.pt\/index.php?rest_route=%2Fwp%2Fv2%2Fcomments&post=184"}],"version-history":[{"count":16,"href":"https:\/\/inundaria.web.ua.pt\/index.php?rest_route=\/wp\/v2\/pages\/184\/revisions"}],"predecessor-version":[{"id":1089,"href":"https:\/\/inundaria.web.ua.pt\/index.php?rest_route=\/wp\/v2\/pages\/184\/revisions\/1089"}],"wp:attachment":[{"href":"https:\/\/inundaria.web.ua.pt\/index.php?rest_route=%2Fwp%2Fv2%2Fmedia&parent=184"}],"curies":[{"name":"wp","href":"https:\/\/api.w.org\/{rel}","templated":true}]}}