{"id":193,"date":"2024-04-24T22:40:12","date_gmt":"2024-04-24T22:40:12","guid":{"rendered":"http:\/\/inundaria.web.ua.pt\/?page_id=193"},"modified":"2024-05-14T19:57:28","modified_gmt":"2024-05-14T19:57:28","slug":"193-2","status":"publish","type":"page","link":"https:\/\/inundaria.web.ua.pt\/?page_id=193","title":{"rendered":"Atividade 4"},"content":{"rendered":"\n<p class=\"has-medium-font-size\"><strong>Discuss\u00e3o, demonstra\u00e7\u00e3o e dissemina\u00e7\u00e3o<\/strong><\/p>\n\n\n\n<figure class=\"wp-block-image size-large\"><img loading=\"lazy\" decoding=\"async\" width=\"1024\" height=\"992\" src=\"http:\/\/inundaria.web.ua.pt\/wp-content\/uploads\/2024\/05\/wshops_site_site-1024x992.png\" alt=\"\" class=\"wp-image-577\" srcset=\"https:\/\/inundaria.web.ua.pt\/wp-content\/uploads\/2024\/05\/wshops_site_site-1024x992.png 1024w, https:\/\/inundaria.web.ua.pt\/wp-content\/uploads\/2024\/05\/wshops_site_site-300x291.png 300w, https:\/\/inundaria.web.ua.pt\/wp-content\/uploads\/2024\/05\/wshops_site_site-768x744.png 768w, https:\/\/inundaria.web.ua.pt\/wp-content\/uploads\/2024\/05\/wshops_site_site-1536x1488.png 1536w, https:\/\/inundaria.web.ua.pt\/wp-content\/uploads\/2024\/05\/wshops_site_site.png 1807w\" sizes=\"(max-width: 767px) 89vw, (max-width: 1000px) 54vw, (max-width: 1071px) 543px, 580px\" \/><\/figure>\n","protected":false},"excerpt":{"rendered":"<p>Discuss\u00e3o, demonstra\u00e7\u00e3o e dissemina\u00e7\u00e3o<\/p>\n","protected":false},"author":4,"featured_media":0,"parent":0,"menu_order":0,"comment_status":"closed","ping_status":"closed","template":"","meta":{"footnotes":""},"_links":{"self":[{"href":"https:\/\/inundaria.web.ua.pt\/index.php?rest_route=\/wp\/v2\/pages\/193"}],"collection":[{"href":"https:\/\/inundaria.web.ua.pt\/index.php?rest_route=\/wp\/v2\/pages"}],"about":[{"href":"https:\/\/inundaria.web.ua.pt\/index.php?rest_route=\/wp\/v2\/types\/page"}],"author":[{"embeddable":true,"href":"https:\/\/inundaria.web.ua.pt\/index.php?rest_route=\/wp\/v2\/users\/4"}],"replies":[{"embeddable":true,"href":"https:\/\/inundaria.web.ua.pt\/index.php?rest_route=%2Fwp%2Fv2%2Fcomments&post=193"}],"version-history":[{"count":6,"href":"https:\/\/inundaria.web.ua.pt\/index.php?rest_route=\/wp\/v2\/pages\/193\/revisions"}],"predecessor-version":[{"id":793,"href":"https:\/\/inundaria.web.ua.pt\/index.php?rest_route=\/wp\/v2\/pages\/193\/revisions\/793"}],"wp:attachment":[{"href":"https:\/\/inundaria.web.ua.pt\/index.php?rest_route=%2Fwp%2Fv2%2Fmedia&parent=193"}],"curies":[{"name":"wp","href":"https:\/\/api.w.org\/{rel}","templated":true}]}}