{"id":301,"date":"2024-04-24T23:37:45","date_gmt":"2024-04-24T23:37:45","guid":{"rendered":"http:\/\/inundaria.web.ua.pt\/?page_id=301"},"modified":"2024-06-05T13:49:35","modified_gmt":"2024-06-05T13:49:35","slug":"equipa-do-projeto","status":"publish","type":"page","link":"https:\/\/inundaria.web.ua.pt\/?page_id=301","title":{"rendered":"Equipa"},"content":{"rendered":"\n<p class=\"has-medium-font-size\"><strong>Equipa T\u00e9cnica &#8211; Departamento de F\u00edsica <\/strong><\/p>\n\n\n\n<p><a href=\"https:\/\/www.cesam-la.pt\/jdias\/\">Jo\u00e3o Miguel Dias<\/a> (Coordenador)<\/p>\n\n\n\n<p><a href=\"https:\/\/www.cesam-la.pt\/carinalopes\/\">Carina Lopes<\/a><\/p>\n\n\n\n<p><a href=\"https:\/\/www.cesam-la.pt\/magdasousa\/\">Magda Sousa<\/a><\/p>\n\n\n\n<p><a href=\"https:\/\/www.cesam-la.pt\/nunovaz\/\">Nuno Vaz<\/a><\/p>\n\n\n\n<p><a href=\"https:\/\/www.cesam-la.pt\/americo\/\">Am\u00e9rico Soares Ribeiro<\/a><\/p>\n\n\n\n<p><a href=\"https:\/\/www.cesam-la.pt\/anapicado\/\">Ana Picado<\/a><\/p>\n\n\n\n<h2 class=\"wp-block-heading\"><\/h2>\n\n\n\n<p><\/p>\n\n\n\n<p class=\"has-medium-font-size\"><strong>Entidades Parceiras<\/strong><\/p>\n\n\n\n<figure class=\"wp-block-image size-full is-resized\"><a href=\"https:\/\/www.regiaodeaveiro.pt\/\"><img loading=\"lazy\" decoding=\"async\" width=\"485\" height=\"104\" src=\"http:\/\/inundaria.web.ua.pt\/wp-content\/uploads\/2024\/05\/CIRA.png\" alt=\"\" class=\"wp-image-817\" style=\"width:396px;height:auto\" srcset=\"https:\/\/inundaria.web.ua.pt\/wp-content\/uploads\/2024\/05\/CIRA.png 485w, https:\/\/inundaria.web.ua.pt\/wp-content\/uploads\/2024\/05\/CIRA-300x64.png 300w\" sizes=\"(max-width: 485px) 100vw, 485px\" \/><\/a><\/figure>\n\n\n\n<p><a href=\"https:\/\/www.regiaodeaveiro.pt\">https:\/\/www.regiaodeaveiro.pt<\/a><\/p>\n\n\n\n<p><\/p>\n\n\n\n<p><\/p>\n\n\n\n<figure class=\"wp-block-image size-full is-resized\"><a href=\"https:\/\/portodeaveiro.pt\/\"><img loading=\"lazy\" decoding=\"async\" width=\"743\" height=\"321\" src=\"http:\/\/inundaria.web.ua.pt\/wp-content\/uploads\/2024\/05\/portoAveiro.png\" alt=\"\" class=\"wp-image-820\" style=\"width:199px;height:auto\" srcset=\"https:\/\/inundaria.web.ua.pt\/wp-content\/uploads\/2024\/05\/portoAveiro.png 743w, https:\/\/inundaria.web.ua.pt\/wp-content\/uploads\/2024\/05\/portoAveiro-300x130.png 300w\" sizes=\"(max-width: 706px) 89vw, (max-width: 767px) 82vw, 740px\" \/><\/a><\/figure>\n\n\n\n<p><a href=\"https:\/\/portodeaveiro.pt\/\">https:\/\/portodeaveiro.pt\/<\/a><\/p>\n\n\n\n<p><\/p>\n\n\n\n<p><\/p>\n\n\n\n<figure class=\"wp-block-image size-full is-resized\"><a href=\"http:\/\/www.ccdrc.pt\"><img loading=\"lazy\" decoding=\"async\" width=\"911\" height=\"227\" src=\"http:\/\/inundaria.web.ua.pt\/wp-content\/uploads\/2024\/05\/CCDR-Centro-1-1.png\" alt=\"\" class=\"wp-image-826\" style=\"width:399px;height:auto\" srcset=\"https:\/\/inundaria.web.ua.pt\/wp-content\/uploads\/2024\/05\/CCDR-Centro-1-1.png 911w, https:\/\/inundaria.web.ua.pt\/wp-content\/uploads\/2024\/05\/CCDR-Centro-1-1-300x75.png 300w, https:\/\/inundaria.web.ua.pt\/wp-content\/uploads\/2024\/05\/CCDR-Centro-1-1-768x191.png 768w\" sizes=\"(max-width: 767px) 89vw, (max-width: 1000px) 54vw, (max-width: 1071px) 543px, 580px\" \/><\/a><\/figure>\n\n\n\n<p><a href=\"http:\/\/www.ccdrc.pt\">http:\/\/www.ccdrc.pt<\/a><\/p>\n\n\n\n<p><\/p>\n\n\n\n<p><\/p>\n","protected":false},"excerpt":{"rendered":"<p>Equipa T\u00e9cnica &#8211; Departamento de F\u00edsica Jo\u00e3o Miguel Dias (Coordenador) Carina Lopes Magda Sousa Nuno Vaz Am\u00e9rico Soares Ribeiro Ana Picado Entidades Parceiras https:\/\/www.regiaodeaveiro.pt https:\/\/portodeaveiro.pt\/ http:\/\/www.ccdrc.pt<\/p>\n","protected":false},"author":4,"featured_media":0,"parent":0,"menu_order":0,"comment_status":"closed","ping_status":"closed","template":"","meta":{"footnotes":""},"_links":{"self":[{"href":"https:\/\/inundaria.web.ua.pt\/index.php?rest_route=\/wp\/v2\/pages\/301"}],"collection":[{"href":"https:\/\/inundaria.web.ua.pt\/index.php?rest_route=\/wp\/v2\/pages"}],"about":[{"href":"https:\/\/inundaria.web.ua.pt\/index.php?rest_route=\/wp\/v2\/types\/page"}],"author":[{"embeddable":true,"href":"https:\/\/inundaria.web.ua.pt\/index.php?rest_route=\/wp\/v2\/users\/4"}],"replies":[{"embeddable":true,"href":"https:\/\/inundaria.web.ua.pt\/index.php?rest_route=%2Fwp%2Fv2%2Fcomments&post=301"}],"version-history":[{"count":13,"href":"https:\/\/inundaria.web.ua.pt\/index.php?rest_route=\/wp\/v2\/pages\/301\/revisions"}],"predecessor-version":[{"id":913,"href":"https:\/\/inundaria.web.ua.pt\/index.php?rest_route=\/wp\/v2\/pages\/301\/revisions\/913"}],"wp:attachment":[{"href":"https:\/\/inundaria.web.ua.pt\/index.php?rest_route=%2Fwp%2Fv2%2Fmedia&parent=301"}],"curies":[{"name":"wp","href":"https:\/\/api.w.org\/{rel}","templated":true}]}}