{"id":379,"date":"2024-04-26T07:59:45","date_gmt":"2024-04-26T07:59:45","guid":{"rendered":"http:\/\/inundaria.web.ua.pt\/?page_id=379"},"modified":"2025-02-19T22:12:57","modified_gmt":"2025-02-19T22:12:57","slug":"eventos","status":"publish","type":"page","link":"https:\/\/inundaria.web.ua.pt\/?page_id=379","title":{"rendered":"Eventos"},"content":{"rendered":"\n<figure class=\"wp-block-image is-resized\"><img loading=\"lazy\" decoding=\"async\" width=\"238\" height=\"184\" src=\"http:\/\/inundaria.web.ua.pt\/wp-content\/uploads\/2024\/04\/WS.png\" alt=\"\" class=\"wp-image-442\" style=\"width:52px;height:auto\"\/><\/figure>\n\n\n\n<p><strong>Primeiro Workshop do InundaRia<\/strong> <\/p>\n\n\n\n<p>O primeiro Workshop do InundaRia dedicado ao desenvolvimento inicial do projeto com foco na promo\u00e7\u00e3o, mapeamento de necessidades e recolha de informa\u00e7\u00e3o territorial teve lugar no Montebelo Vista Alegre \u00cdlhavo Hotel \u2013 Sala Casa do Boco a 12 de junho de 2024. <\/p>\n\n\n\n<figure class=\"wp-block-gallery has-nested-images columns-default is-cropped wp-block-gallery-1 is-layout-flex wp-block-gallery-is-layout-flex\">\n<figure class=\"wp-block-image size-large\"><img loading=\"lazy\" decoding=\"async\" width=\"724\" height=\"1024\" data-id=\"901\" src=\"http:\/\/inundaria.web.ua.pt\/wp-content\/uploads\/2024\/05\/Cartaz_InundaRia-724x1024.jpg\" alt=\"\" class=\"wp-image-901\" srcset=\"https:\/\/inundaria.web.ua.pt\/wp-content\/uploads\/2024\/05\/Cartaz_InundaRia-724x1024.jpg 724w, https:\/\/inundaria.web.ua.pt\/wp-content\/uploads\/2024\/05\/Cartaz_InundaRia-212x300.jpg 212w, https:\/\/inundaria.web.ua.pt\/wp-content\/uploads\/2024\/05\/Cartaz_InundaRia-768x1086.jpg 768w, https:\/\/inundaria.web.ua.pt\/wp-content\/uploads\/2024\/05\/Cartaz_InundaRia-1086x1536.jpg 1086w, https:\/\/inundaria.web.ua.pt\/wp-content\/uploads\/2024\/05\/Cartaz_InundaRia.jpg 1191w\" sizes=\"(max-width: 724px) 100vw, 724px\" \/><\/figure>\n\n\n\n<figure class=\"wp-block-image size-large\"><img loading=\"lazy\" decoding=\"async\" width=\"819\" height=\"1024\" data-id=\"961\" src=\"http:\/\/inundaria.web.ua.pt\/wp-content\/uploads\/2024\/09\/1-819x1024.jpg\" alt=\"\" class=\"wp-image-961\" srcset=\"https:\/\/inundaria.web.ua.pt\/wp-content\/uploads\/2024\/09\/1-819x1024.jpg 819w, https:\/\/inundaria.web.ua.pt\/wp-content\/uploads\/2024\/09\/1-240x300.jpg 240w, https:\/\/inundaria.web.ua.pt\/wp-content\/uploads\/2024\/09\/1-768x960.jpg 768w, https:\/\/inundaria.web.ua.pt\/wp-content\/uploads\/2024\/09\/1-1229x1536.jpg 1229w, https:\/\/inundaria.web.ua.pt\/wp-content\/uploads\/2024\/09\/1.jpg 1440w\" sizes=\"(max-width: 767px) 89vw, (max-width: 1000px) 54vw, (max-width: 1071px) 543px, 580px\" \/><\/figure>\n\n\n\n<figure class=\"wp-block-image size-large\"><img loading=\"lazy\" decoding=\"async\" width=\"819\" height=\"1024\" data-id=\"979\" src=\"http:\/\/inundaria.web.ua.pt\/wp-content\/uploads\/2024\/09\/3-819x1024.jpg\" alt=\"\" class=\"wp-image-979\" srcset=\"https:\/\/inundaria.web.ua.pt\/wp-content\/uploads\/2024\/09\/3-819x1024.jpg 819w, https:\/\/inundaria.web.ua.pt\/wp-content\/uploads\/2024\/09\/3-240x300.jpg 240w, https:\/\/inundaria.web.ua.pt\/wp-content\/uploads\/2024\/09\/3-768x960.jpg 768w, https:\/\/inundaria.web.ua.pt\/wp-content\/uploads\/2024\/09\/3-1229x1536.jpg 1229w, https:\/\/inundaria.web.ua.pt\/wp-content\/uploads\/2024\/09\/3.jpg 1440w\" sizes=\"(max-width: 767px) 89vw, (max-width: 1000px) 54vw, (max-width: 1071px) 543px, 580px\" \/><\/figure>\n\n\n\n<figure class=\"wp-block-image size-large\"><img loading=\"lazy\" decoding=\"async\" width=\"819\" height=\"1024\" data-id=\"976\" src=\"http:\/\/inundaria.web.ua.pt\/wp-content\/uploads\/2024\/09\/1-1-819x1024.jpg\" alt=\"\" class=\"wp-image-976\" srcset=\"https:\/\/inundaria.web.ua.pt\/wp-content\/uploads\/2024\/09\/1-1-819x1024.jpg 819w, https:\/\/inundaria.web.ua.pt\/wp-content\/uploads\/2024\/09\/1-1-240x300.jpg 240w, https:\/\/inundaria.web.ua.pt\/wp-content\/uploads\/2024\/09\/1-1-768x960.jpg 768w, https:\/\/inundaria.web.ua.pt\/wp-content\/uploads\/2024\/09\/1-1-1229x1536.jpg 1229w, https:\/\/inundaria.web.ua.pt\/wp-content\/uploads\/2024\/09\/1-1.jpg 1440w\" sizes=\"(max-width: 767px) 89vw, (max-width: 1000px) 54vw, (max-width: 1071px) 543px, 580px\" \/><\/figure>\n\n\n\n<figure class=\"wp-block-image size-large\"><img loading=\"lazy\" decoding=\"async\" width=\"819\" height=\"1024\" data-id=\"973\" src=\"http:\/\/inundaria.web.ua.pt\/wp-content\/uploads\/2024\/09\/5-819x1024.jpg\" alt=\"\" class=\"wp-image-973\" srcset=\"https:\/\/inundaria.web.ua.pt\/wp-content\/uploads\/2024\/09\/5-819x1024.jpg 819w, https:\/\/inundaria.web.ua.pt\/wp-content\/uploads\/2024\/09\/5-240x300.jpg 240w, https:\/\/inundaria.web.ua.pt\/wp-content\/uploads\/2024\/09\/5-768x960.jpg 768w, https:\/\/inundaria.web.ua.pt\/wp-content\/uploads\/2024\/09\/5-1229x1536.jpg 1229w, https:\/\/inundaria.web.ua.pt\/wp-content\/uploads\/2024\/09\/5.jpg 1440w\" sizes=\"(max-width: 767px) 89vw, (max-width: 1000px) 54vw, (max-width: 1071px) 543px, 580px\" \/><\/figure>\n\n\n\n<figure class=\"wp-block-image size-large\"><img loading=\"lazy\" decoding=\"async\" width=\"819\" height=\"1024\" data-id=\"970\" src=\"http:\/\/inundaria.web.ua.pt\/wp-content\/uploads\/2024\/09\/448246612_17852327169210948_6686262192260595698_n-819x1024.jpg\" alt=\"\" class=\"wp-image-970\" srcset=\"https:\/\/inundaria.web.ua.pt\/wp-content\/uploads\/2024\/09\/448246612_17852327169210948_6686262192260595698_n-819x1024.jpg 819w, https:\/\/inundaria.web.ua.pt\/wp-content\/uploads\/2024\/09\/448246612_17852327169210948_6686262192260595698_n-240x300.jpg 240w, https:\/\/inundaria.web.ua.pt\/wp-content\/uploads\/2024\/09\/448246612_17852327169210948_6686262192260595698_n-768x960.jpg 768w, https:\/\/inundaria.web.ua.pt\/wp-content\/uploads\/2024\/09\/448246612_17852327169210948_6686262192260595698_n-1229x1536.jpg 1229w, https:\/\/inundaria.web.ua.pt\/wp-content\/uploads\/2024\/09\/448246612_17852327169210948_6686262192260595698_n.jpg 1440w\" sizes=\"(max-width: 767px) 89vw, (max-width: 1000px) 54vw, (max-width: 1071px) 543px, 580px\" \/><\/figure>\n\n\n\n<figure class=\"wp-block-image size-large\"><img loading=\"lazy\" decoding=\"async\" width=\"819\" height=\"1024\" data-id=\"967\" src=\"http:\/\/inundaria.web.ua.pt\/wp-content\/uploads\/2024\/09\/2-819x1024.jpg\" alt=\"\" class=\"wp-image-967\" srcset=\"https:\/\/inundaria.web.ua.pt\/wp-content\/uploads\/2024\/09\/2-819x1024.jpg 819w, https:\/\/inundaria.web.ua.pt\/wp-content\/uploads\/2024\/09\/2-240x300.jpg 240w, https:\/\/inundaria.web.ua.pt\/wp-content\/uploads\/2024\/09\/2-768x960.jpg 768w, https:\/\/inundaria.web.ua.pt\/wp-content\/uploads\/2024\/09\/2-1229x1536.jpg 1229w, https:\/\/inundaria.web.ua.pt\/wp-content\/uploads\/2024\/09\/2.jpg 1440w\" sizes=\"(max-width: 767px) 89vw, (max-width: 1000px) 54vw, (max-width: 1071px) 543px, 580px\" \/><\/figure>\n\n\n\n<figure class=\"wp-block-image size-large\"><img loading=\"lazy\" decoding=\"async\" width=\"819\" height=\"1024\" data-id=\"982\" src=\"http:\/\/inundaria.web.ua.pt\/wp-content\/uploads\/2024\/09\/448356834_17852327148210948_2501616237374748243_n-819x1024.jpg\" alt=\"\" class=\"wp-image-982\" srcset=\"https:\/\/inundaria.web.ua.pt\/wp-content\/uploads\/2024\/09\/448356834_17852327148210948_2501616237374748243_n-819x1024.jpg 819w, https:\/\/inundaria.web.ua.pt\/wp-content\/uploads\/2024\/09\/448356834_17852327148210948_2501616237374748243_n-240x300.jpg 240w, https:\/\/inundaria.web.ua.pt\/wp-content\/uploads\/2024\/09\/448356834_17852327148210948_2501616237374748243_n-768x960.jpg 768w, https:\/\/inundaria.web.ua.pt\/wp-content\/uploads\/2024\/09\/448356834_17852327148210948_2501616237374748243_n-1229x1536.jpg 1229w, https:\/\/inundaria.web.ua.pt\/wp-content\/uploads\/2024\/09\/448356834_17852327148210948_2501616237374748243_n.jpg 1440w\" sizes=\"(max-width: 767px) 89vw, (max-width: 1000px) 54vw, (max-width: 1071px) 543px, 580px\" \/><\/figure>\n<\/figure>\n\n\n\n<figure class=\"wp-block-video\"><video controls src=\"http:\/\/inundaria.web.ua.pt\/wp-content\/uploads\/2025\/02\/Video-1-workshop.mp4\"><\/video><\/figure>\n\n\n\n<p><\/p>\n\n\n\n<p><strong>Segundo Workshop do InundaRia<\/strong><\/p>\n\n\n\n<p>O segundo Workshop do InundaRia dedicado ao diagn\u00f3stico de inunda\u00e7\u00e3o da Ria de Aveiro teve lugar no Universidade de Aveiro no dia 23 de outubro de 2024.<\/p>\n\n\n\n<figure class=\"wp-block-gallery has-nested-images columns-default is-cropped wp-block-gallery-2 is-layout-flex wp-block-gallery-is-layout-flex\">\n<figure class=\"wp-block-image size-large\"><img loading=\"lazy\" decoding=\"async\" width=\"819\" height=\"1024\" data-id=\"1149\" src=\"http:\/\/inundaria.web.ua.pt\/wp-content\/uploads\/2025\/02\/10-819x1024.png\" alt=\"\" class=\"wp-image-1149\" srcset=\"https:\/\/inundaria.web.ua.pt\/wp-content\/uploads\/2025\/02\/10-819x1024.png 819w, https:\/\/inundaria.web.ua.pt\/wp-content\/uploads\/2025\/02\/10-240x300.png 240w, https:\/\/inundaria.web.ua.pt\/wp-content\/uploads\/2025\/02\/10-768x960.png 768w, https:\/\/inundaria.web.ua.pt\/wp-content\/uploads\/2025\/02\/10.png 1080w\" sizes=\"(max-width: 767px) 89vw, (max-width: 1000px) 54vw, (max-width: 1071px) 543px, 580px\" \/><\/figure>\n\n\n\n<figure class=\"wp-block-image size-large\"><img loading=\"lazy\" decoding=\"async\" width=\"819\" height=\"1024\" data-id=\"1152\" src=\"http:\/\/inundaria.web.ua.pt\/wp-content\/uploads\/2025\/02\/11-819x1024.png\" alt=\"\" class=\"wp-image-1152\" srcset=\"https:\/\/inundaria.web.ua.pt\/wp-content\/uploads\/2025\/02\/11-819x1024.png 819w, https:\/\/inundaria.web.ua.pt\/wp-content\/uploads\/2025\/02\/11-240x300.png 240w, https:\/\/inundaria.web.ua.pt\/wp-content\/uploads\/2025\/02\/11-768x960.png 768w, https:\/\/inundaria.web.ua.pt\/wp-content\/uploads\/2025\/02\/11.png 1080w\" sizes=\"(max-width: 767px) 89vw, (max-width: 1000px) 54vw, (max-width: 1071px) 543px, 580px\" \/><\/figure>\n\n\n\n<figure class=\"wp-block-image size-large\"><img loading=\"lazy\" decoding=\"async\" width=\"724\" height=\"1024\" data-id=\"1060\" src=\"http:\/\/inundaria.web.ua.pt\/wp-content\/uploads\/2025\/01\/Cartazes-2o-workshop-PT-1-724x1024.png\" alt=\"\" class=\"wp-image-1060\" srcset=\"https:\/\/inundaria.web.ua.pt\/wp-content\/uploads\/2025\/01\/Cartazes-2o-workshop-PT-1-724x1024.png 724w, https:\/\/inundaria.web.ua.pt\/wp-content\/uploads\/2025\/01\/Cartazes-2o-workshop-PT-1-212x300.png 212w, https:\/\/inundaria.web.ua.pt\/wp-content\/uploads\/2025\/01\/Cartazes-2o-workshop-PT-1-768x1086.png 768w, https:\/\/inundaria.web.ua.pt\/wp-content\/uploads\/2025\/01\/Cartazes-2o-workshop-PT-1-1086x1536.png 1086w, https:\/\/inundaria.web.ua.pt\/wp-content\/uploads\/2025\/01\/Cartazes-2o-workshop-PT-1-1448x2048.png 1448w\" sizes=\"(max-width: 724px) 100vw, 724px\" \/><\/figure>\n\n\n\n<figure class=\"wp-block-image size-large\"><img loading=\"lazy\" decoding=\"async\" width=\"819\" height=\"1024\" data-id=\"1161\" src=\"http:\/\/inundaria.web.ua.pt\/wp-content\/uploads\/2025\/02\/14-819x1024.png\" alt=\"\" class=\"wp-image-1161\" srcset=\"https:\/\/inundaria.web.ua.pt\/wp-content\/uploads\/2025\/02\/14-819x1024.png 819w, https:\/\/inundaria.web.ua.pt\/wp-content\/uploads\/2025\/02\/14-240x300.png 240w, https:\/\/inundaria.web.ua.pt\/wp-content\/uploads\/2025\/02\/14-768x960.png 768w, https:\/\/inundaria.web.ua.pt\/wp-content\/uploads\/2025\/02\/14.png 1080w\" sizes=\"(max-width: 767px) 89vw, (max-width: 1000px) 54vw, (max-width: 1071px) 543px, 580px\" \/><\/figure>\n\n\n\n<figure class=\"wp-block-image size-large\"><img loading=\"lazy\" decoding=\"async\" width=\"819\" height=\"1024\" data-id=\"1167\" src=\"http:\/\/inundaria.web.ua.pt\/wp-content\/uploads\/2025\/02\/16-819x1024.png\" alt=\"\" class=\"wp-image-1167\" srcset=\"https:\/\/inundaria.web.ua.pt\/wp-content\/uploads\/2025\/02\/16-819x1024.png 819w, https:\/\/inundaria.web.ua.pt\/wp-content\/uploads\/2025\/02\/16-240x300.png 240w, https:\/\/inundaria.web.ua.pt\/wp-content\/uploads\/2025\/02\/16-768x960.png 768w, https:\/\/inundaria.web.ua.pt\/wp-content\/uploads\/2025\/02\/16.png 1080w\" sizes=\"(max-width: 767px) 89vw, (max-width: 1000px) 54vw, (max-width: 1071px) 543px, 580px\" \/><\/figure>\n\n\n\n<figure class=\"wp-block-image size-large\"><img loading=\"lazy\" decoding=\"async\" width=\"819\" height=\"1024\" data-id=\"1173\" src=\"http:\/\/inundaria.web.ua.pt\/wp-content\/uploads\/2025\/02\/Post-instagram-carrossel-limpeza-de-pele-marrom-e-bege-819x1024.png\" alt=\"\" class=\"wp-image-1173\" srcset=\"https:\/\/inundaria.web.ua.pt\/wp-content\/uploads\/2025\/02\/Post-instagram-carrossel-limpeza-de-pele-marrom-e-bege-819x1024.png 819w, https:\/\/inundaria.web.ua.pt\/wp-content\/uploads\/2025\/02\/Post-instagram-carrossel-limpeza-de-pele-marrom-e-bege-240x300.png 240w, https:\/\/inundaria.web.ua.pt\/wp-content\/uploads\/2025\/02\/Post-instagram-carrossel-limpeza-de-pele-marrom-e-bege-768x960.png 768w, https:\/\/inundaria.web.ua.pt\/wp-content\/uploads\/2025\/02\/Post-instagram-carrossel-limpeza-de-pele-marrom-e-bege.png 1080w\" sizes=\"(max-width: 767px) 89vw, (max-width: 1000px) 54vw, (max-width: 1071px) 543px, 580px\" \/><\/figure>\n\n\n\n<figure class=\"wp-block-image size-large\"><img loading=\"lazy\" decoding=\"async\" width=\"819\" height=\"1024\" data-id=\"1158\" src=\"http:\/\/inundaria.web.ua.pt\/wp-content\/uploads\/2025\/02\/13-819x1024.png\" alt=\"\" class=\"wp-image-1158\" srcset=\"https:\/\/inundaria.web.ua.pt\/wp-content\/uploads\/2025\/02\/13-819x1024.png 819w, https:\/\/inundaria.web.ua.pt\/wp-content\/uploads\/2025\/02\/13-240x300.png 240w, https:\/\/inundaria.web.ua.pt\/wp-content\/uploads\/2025\/02\/13-768x960.png 768w, https:\/\/inundaria.web.ua.pt\/wp-content\/uploads\/2025\/02\/13.png 1080w\" sizes=\"(max-width: 767px) 89vw, (max-width: 1000px) 54vw, (max-width: 1071px) 543px, 580px\" \/><\/figure>\n\n\n\n<figure class=\"wp-block-image size-large\"><img loading=\"lazy\" decoding=\"async\" width=\"819\" height=\"1024\" data-id=\"1155\" src=\"http:\/\/inundaria.web.ua.pt\/wp-content\/uploads\/2025\/02\/12-819x1024.png\" alt=\"\" class=\"wp-image-1155\" srcset=\"https:\/\/inundaria.web.ua.pt\/wp-content\/uploads\/2025\/02\/12-819x1024.png 819w, https:\/\/inundaria.web.ua.pt\/wp-content\/uploads\/2025\/02\/12-240x300.png 240w, https:\/\/inundaria.web.ua.pt\/wp-content\/uploads\/2025\/02\/12-768x960.png 768w, https:\/\/inundaria.web.ua.pt\/wp-content\/uploads\/2025\/02\/12.png 1080w\" sizes=\"(max-width: 767px) 89vw, (max-width: 1000px) 54vw, (max-width: 1071px) 543px, 580px\" \/><\/figure>\n<\/figure>\n\n\n\n<figure class=\"wp-block-video\"><video controls poster=\"http:\/\/inundaria.web.ua.pt\/wp-content\/uploads\/2025\/01\/IMG_0331-scaled.jpg\" preload=\"auto\" src=\"http:\/\/inundaria.web.ua.pt\/wp-content\/uploads\/2025\/01\/Video-completo-2-workshop.mp4\"><\/video><\/figure>\n\n\n\n<p><\/p>\n\n\n\n<p><\/p>\n\n\n\n<p><strong>Workshop Final<em>&nbsp;<\/em>do InundaRia<\/strong><\/p>\n\n\n\n<p>O Workshop Final do InundaRia foi dedicado aos principais resultados obtidos por modela\u00e7\u00e3o num\u00e9rica das regi\u00f5es da rua de Aveiro em risco de inunda\u00e7\u00e3o e foi realizado no dia 10 de dezembro na Universidade de Aveiro.<\/p>\n\n\n\n<figure class=\"wp-block-gallery has-nested-images columns-default is-cropped wp-block-gallery-3 is-layout-flex wp-block-gallery-is-layout-flex\">\n<figure class=\"wp-block-image size-large\"><img loading=\"lazy\" decoding=\"async\" width=\"819\" height=\"1024\" data-id=\"1176\" src=\"http:\/\/inundaria.web.ua.pt\/wp-content\/uploads\/2025\/02\/20-819x1024.png\" alt=\"\" class=\"wp-image-1176\" srcset=\"https:\/\/inundaria.web.ua.pt\/wp-content\/uploads\/2025\/02\/20-819x1024.png 819w, https:\/\/inundaria.web.ua.pt\/wp-content\/uploads\/2025\/02\/20-240x300.png 240w, https:\/\/inundaria.web.ua.pt\/wp-content\/uploads\/2025\/02\/20-768x960.png 768w, https:\/\/inundaria.web.ua.pt\/wp-content\/uploads\/2025\/02\/20.png 1080w\" sizes=\"(max-width: 767px) 89vw, (max-width: 1000px) 54vw, (max-width: 1071px) 543px, 580px\" \/><\/figure>\n\n\n\n<figure class=\"wp-block-image size-large\"><img loading=\"lazy\" decoding=\"async\" width=\"724\" height=\"1024\" data-id=\"1062\" src=\"http:\/\/inundaria.web.ua.pt\/wp-content\/uploads\/2025\/01\/Cartaz-3-workshop-PT-724x1024.png\" alt=\"\" class=\"wp-image-1062\" srcset=\"https:\/\/inundaria.web.ua.pt\/wp-content\/uploads\/2025\/01\/Cartaz-3-workshop-PT-724x1024.png 724w, https:\/\/inundaria.web.ua.pt\/wp-content\/uploads\/2025\/01\/Cartaz-3-workshop-PT-212x300.png 212w, https:\/\/inundaria.web.ua.pt\/wp-content\/uploads\/2025\/01\/Cartaz-3-workshop-PT-768x1086.png 768w, https:\/\/inundaria.web.ua.pt\/wp-content\/uploads\/2025\/01\/Cartaz-3-workshop-PT-1086x1536.png 1086w, https:\/\/inundaria.web.ua.pt\/wp-content\/uploads\/2025\/01\/Cartaz-3-workshop-PT-1448x2048.png 1448w\" sizes=\"(max-width: 724px) 100vw, 724px\" \/><\/figure>\n\n\n\n<figure class=\"wp-block-image size-large\"><img loading=\"lazy\" decoding=\"async\" width=\"819\" height=\"1024\" data-id=\"1179\" src=\"http:\/\/inundaria.web.ua.pt\/wp-content\/uploads\/2025\/02\/19-819x1024.png\" alt=\"\" class=\"wp-image-1179\" srcset=\"https:\/\/inundaria.web.ua.pt\/wp-content\/uploads\/2025\/02\/19-819x1024.png 819w, https:\/\/inundaria.web.ua.pt\/wp-content\/uploads\/2025\/02\/19-240x300.png 240w, https:\/\/inundaria.web.ua.pt\/wp-content\/uploads\/2025\/02\/19-768x960.png 768w, https:\/\/inundaria.web.ua.pt\/wp-content\/uploads\/2025\/02\/19.png 1080w\" sizes=\"(max-width: 767px) 89vw, (max-width: 1000px) 54vw, (max-width: 1071px) 543px, 580px\" \/><\/figure>\n\n\n\n<figure class=\"wp-block-image size-large\"><img loading=\"lazy\" decoding=\"async\" width=\"819\" height=\"1024\" data-id=\"1200\" src=\"http:\/\/inundaria.web.ua.pt\/wp-content\/uploads\/2025\/02\/26-819x1024.png\" alt=\"\" class=\"wp-image-1200\" srcset=\"https:\/\/inundaria.web.ua.pt\/wp-content\/uploads\/2025\/02\/26-819x1024.png 819w, https:\/\/inundaria.web.ua.pt\/wp-content\/uploads\/2025\/02\/26-240x300.png 240w, https:\/\/inundaria.web.ua.pt\/wp-content\/uploads\/2025\/02\/26-768x960.png 768w, https:\/\/inundaria.web.ua.pt\/wp-content\/uploads\/2025\/02\/26.png 1080w\" sizes=\"(max-width: 767px) 89vw, (max-width: 1000px) 54vw, (max-width: 1071px) 543px, 580px\" \/><\/figure>\n\n\n\n<figure class=\"wp-block-image size-large\"><img loading=\"lazy\" decoding=\"async\" width=\"819\" height=\"1024\" data-id=\"1185\" src=\"http:\/\/inundaria.web.ua.pt\/wp-content\/uploads\/2025\/02\/21-819x1024.png\" alt=\"\" class=\"wp-image-1185\" srcset=\"https:\/\/inundaria.web.ua.pt\/wp-content\/uploads\/2025\/02\/21-819x1024.png 819w, https:\/\/inundaria.web.ua.pt\/wp-content\/uploads\/2025\/02\/21-240x300.png 240w, https:\/\/inundaria.web.ua.pt\/wp-content\/uploads\/2025\/02\/21-768x960.png 768w, https:\/\/inundaria.web.ua.pt\/wp-content\/uploads\/2025\/02\/21.png 1080w\" sizes=\"(max-width: 767px) 89vw, (max-width: 1000px) 54vw, (max-width: 1071px) 543px, 580px\" \/><\/figure>\n\n\n\n<figure class=\"wp-block-image size-large\"><img loading=\"lazy\" decoding=\"async\" width=\"819\" height=\"1024\" data-id=\"1188\" src=\"http:\/\/inundaria.web.ua.pt\/wp-content\/uploads\/2025\/02\/22-819x1024.png\" alt=\"\" class=\"wp-image-1188\" srcset=\"https:\/\/inundaria.web.ua.pt\/wp-content\/uploads\/2025\/02\/22-819x1024.png 819w, https:\/\/inundaria.web.ua.pt\/wp-content\/uploads\/2025\/02\/22-240x300.png 240w, https:\/\/inundaria.web.ua.pt\/wp-content\/uploads\/2025\/02\/22-768x960.png 768w, https:\/\/inundaria.web.ua.pt\/wp-content\/uploads\/2025\/02\/22.png 1080w\" sizes=\"(max-width: 767px) 89vw, (max-width: 1000px) 54vw, (max-width: 1071px) 543px, 580px\" \/><\/figure>\n\n\n\n<figure class=\"wp-block-image size-large\"><img loading=\"lazy\" decoding=\"async\" width=\"819\" height=\"1024\" data-id=\"1194\" src=\"http:\/\/inundaria.web.ua.pt\/wp-content\/uploads\/2025\/02\/23-819x1024.png\" alt=\"\" class=\"wp-image-1194\" srcset=\"https:\/\/inundaria.web.ua.pt\/wp-content\/uploads\/2025\/02\/23-819x1024.png 819w, https:\/\/inundaria.web.ua.pt\/wp-content\/uploads\/2025\/02\/23-240x300.png 240w, https:\/\/inundaria.web.ua.pt\/wp-content\/uploads\/2025\/02\/23-768x960.png 768w, https:\/\/inundaria.web.ua.pt\/wp-content\/uploads\/2025\/02\/23.png 1080w\" sizes=\"(max-width: 767px) 89vw, (max-width: 1000px) 54vw, (max-width: 1071px) 543px, 580px\" \/><\/figure>\n\n\n\n<figure class=\"wp-block-image size-large\"><img loading=\"lazy\" decoding=\"async\" width=\"1080\" height=\"1350\" data-id=\"1197\" src=\"http:\/\/inundaria.web.ua.pt\/wp-content\/uploads\/2025\/02\/24-819x1024.png\" alt=\"\" class=\"wp-image-1197\" srcset=\"https:\/\/inundaria.web.ua.pt\/wp-content\/uploads\/2025\/02\/24-819x1024.png 819w, https:\/\/inundaria.web.ua.pt\/wp-content\/uploads\/2025\/02\/24-240x300.png 240w, https:\/\/inundaria.web.ua.pt\/wp-content\/uploads\/2025\/02\/24-768x960.png 768w, https:\/\/inundaria.web.ua.pt\/wp-content\/uploads\/2025\/02\/24.png 1080w\" sizes=\"(max-width: 767px) 89vw, (max-width: 1000px) 54vw, (max-width: 1071px) 543px, 580px\" \/><\/figure>\n<\/figure>\n\n\n\n<figure class=\"wp-block-video\"><video controls src=\"http:\/\/inundaria.web.ua.pt\/wp-content\/uploads\/2025\/02\/Video-3-workshop.mp4\"><\/video><\/figure>\n\n\n\n<p><\/p>\n\n\n\n<p><\/p>\n\n\n\n<p><strong>Entrevista a Jo\u00e3o Miguel Dias, coordenador do Projeto InundaRia<\/strong><\/p>\n\n\n\n<p>O conhecimento acumulado tem servido de \u2018mat\u00e9ria prima\u2019 para criar os modelos num\u00e9ricos que, como refere Jo\u00e3o Miguel Dias, permitem fazer \u201can\u00e1lise rigorosa e detalhada da din\u00e2mica das inunda\u00e7\u00f5es e avaliar a efici\u00eancia de medidas estruturais, visando a redu\u00e7\u00e3o das inunda\u00e7\u00f5es\u201d, bem como \u201cprevis\u00f5es\u201d consideradas \u201cfidedignas e indispens\u00e1veis para acautelar o impacto das altera\u00e7\u00f5es clim\u00e1ticas\u201d.<\/p>\n\n\n\n<figure class=\"wp-block-video\"><video controls src=\"http:\/\/inundaria.web.ua.pt\/wp-content\/uploads\/2025\/02\/AQN75GHR2PolofIipsTB5jbaoMC3kxXpTuShzs3Jbv-DQGoE_hVMY2tHDZJa247k5VZdqkLA6_yjb2h5_kdsa1m1.mp4\"><\/video><\/figure>\n","protected":false},"excerpt":{"rendered":"<p>Primeiro Workshop do InundaRia O primeiro Workshop do InundaRia dedicado ao desenvolvimento inicial do projeto com foco na promo\u00e7\u00e3o, mapeamento de necessidades e recolha de informa\u00e7\u00e3o territorial teve lugar no Montebelo Vista Alegre \u00cdlhavo Hotel \u2013 Sala Casa do Boco a 12 de junho de 2024. Segundo Workshop do InundaRia O segundo Workshop do InundaRia &hellip; <\/p>\n<p class=\"link-more\"><a href=\"https:\/\/inundaria.web.ua.pt\/?page_id=379\" class=\"more-link\">Continue reading<span class=\"screen-reader-text\"> &#8220;Eventos&#8221;<\/span><\/a><\/p>\n","protected":false},"author":4,"featured_media":0,"parent":0,"menu_order":0,"comment_status":"closed","ping_status":"closed","template":"","meta":{"footnotes":""},"_links":{"self":[{"href":"https:\/\/inundaria.web.ua.pt\/index.php?rest_route=\/wp\/v2\/pages\/379"}],"collection":[{"href":"https:\/\/inundaria.web.ua.pt\/index.php?rest_route=\/wp\/v2\/pages"}],"about":[{"href":"https:\/\/inundaria.web.ua.pt\/index.php?rest_route=\/wp\/v2\/types\/page"}],"author":[{"embeddable":true,"href":"https:\/\/inundaria.web.ua.pt\/index.php?rest_route=\/wp\/v2\/users\/4"}],"replies":[{"embeddable":true,"href":"https:\/\/inundaria.web.ua.pt\/index.php?rest_route=%2Fwp%2Fv2%2Fcomments&post=379"}],"version-history":[{"count":20,"href":"https:\/\/inundaria.web.ua.pt\/index.php?rest_route=\/wp\/v2\/pages\/379\/revisions"}],"predecessor-version":[{"id":1209,"href":"https:\/\/inundaria.web.ua.pt\/index.php?rest_route=\/wp\/v2\/pages\/379\/revisions\/1209"}],"wp:attachment":[{"href":"https:\/\/inundaria.web.ua.pt\/index.php?rest_route=%2Fwp%2Fv2%2Fmedia&parent=379"}],"curies":[{"name":"wp","href":"https:\/\/api.w.org\/{rel}","templated":true}]}}