{"id":40,"date":"2024-04-24T14:02:23","date_gmt":"2024-04-24T14:02:23","guid":{"rendered":"http:\/\/inundaria.web.ua.pt\/?page_id=40"},"modified":"2024-07-15T12:59:33","modified_gmt":"2024-07-15T12:59:33","slug":"objetivo","status":"publish","type":"page","link":"https:\/\/inundaria.web.ua.pt\/?page_id=40","title":{"rendered":"Enquadramento"},"content":{"rendered":"\n<p>Estudo de natureza t\u00e9cnica e cient\u00edfica que proporcione uma avalia\u00e7\u00e3o rigorosa e detalhada da din\u00e2mica de inunda\u00e7\u00f5es e seus impactos socioecon\u00f3micos na regi\u00e3o territorial da Ria de Aveiro, no \u00e2mbito do Aviso PAT 2030 \u201c2.\u00ba Relat\u00f3rio do Desenvolvimento &amp; Coes\u00e3o: estudos tem\u00e1ticos de aprofundamento\u201d, cujo objetivo \u00e9 apoiar a realiza\u00e7\u00e3o de estudos tem\u00e1ticos de aprofundamento.<\/p>\n\n\n\n<figure class=\"wp-block-image size-full is-resized\"><img loading=\"lazy\" decoding=\"async\" width=\"567\" height=\"354\" src=\"http:\/\/inundaria.web.ua.pt\/wp-content\/uploads\/2024\/04\/imagem.png\" alt=\"\" class=\"wp-image-49\" style=\"width:631px;height:auto\" srcset=\"https:\/\/inundaria.web.ua.pt\/wp-content\/uploads\/2024\/04\/imagem.png 567w, https:\/\/inundaria.web.ua.pt\/wp-content\/uploads\/2024\/04\/imagem-300x187.png 300w\" sizes=\"(max-width: 567px) 100vw, 567px\" \/><\/figure>\n\n\n\n<iframe src=\"https:\/\/www.google.com\/maps\/embed?pb=!1m18!1m12!1m3!1d153462.57656045043!2d-8.664771534204382!3d40.68562379216723!2m3!1f0!2f0!3f0!3m2!1i1024!2i768!4f13.1!3m3!1m2!1s0xd23bcc39b3586ad%3A0x61b16ec98c0956fc!2sRia%20de%20Aveiro!5e0!3m2!1spt-PT!2spt!4v1714120740896!5m2!1spt-PT!2spt\" width=\"600\" height=\"450\" style=\"border:0;\" allowfullscreen=\"\" loading=\"lazy\" referrerpolicy=\"no-referrer-when-downgrade\"><\/iframe>\n","protected":false},"excerpt":{"rendered":"<p>Estudo de natureza t\u00e9cnica e cient\u00edfica que proporcione uma avalia\u00e7\u00e3o rigorosa e detalhada da din\u00e2mica de inunda\u00e7\u00f5es e seus impactos socioecon\u00f3micos na regi\u00e3o territorial da Ria de Aveiro, no \u00e2mbito do Aviso PAT 2030 \u201c2.\u00ba Relat\u00f3rio do Desenvolvimento &amp; Coes\u00e3o: estudos tem\u00e1ticos de aprofundamento\u201d, cujo objetivo \u00e9 apoiar a realiza\u00e7\u00e3o de estudos tem\u00e1ticos de aprofundamento.<\/p>\n","protected":false},"author":4,"featured_media":0,"parent":0,"menu_order":0,"comment_status":"closed","ping_status":"closed","template":"","meta":{"footnotes":""},"_links":{"self":[{"href":"https:\/\/inundaria.web.ua.pt\/index.php?rest_route=\/wp\/v2\/pages\/40"}],"collection":[{"href":"https:\/\/inundaria.web.ua.pt\/index.php?rest_route=\/wp\/v2\/pages"}],"about":[{"href":"https:\/\/inundaria.web.ua.pt\/index.php?rest_route=\/wp\/v2\/types\/page"}],"author":[{"embeddable":true,"href":"https:\/\/inundaria.web.ua.pt\/index.php?rest_route=\/wp\/v2\/users\/4"}],"replies":[{"embeddable":true,"href":"https:\/\/inundaria.web.ua.pt\/index.php?rest_route=%2Fwp%2Fv2%2Fcomments&post=40"}],"version-history":[{"count":15,"href":"https:\/\/inundaria.web.ua.pt\/index.php?rest_route=\/wp\/v2\/pages\/40\/revisions"}],"predecessor-version":[{"id":919,"href":"https:\/\/inundaria.web.ua.pt\/index.php?rest_route=\/wp\/v2\/pages\/40\/revisions\/919"}],"wp:attachment":[{"href":"https:\/\/inundaria.web.ua.pt\/index.php?rest_route=%2Fwp%2Fv2%2Fmedia&parent=40"}],"curies":[{"name":"wp","href":"https:\/\/api.w.org\/{rel}","templated":true}]}}